{"id":15,"date":"2023-06-06T13:38:42","date_gmt":"2023-06-06T11:38:42","guid":{"rendered":"https:\/\/www.slzanemsova.sk\/?page_id=15"},"modified":"2023-06-06T15:06:46","modified_gmt":"2023-06-06T13:06:46","slug":"registracia","status":"publish","type":"page","link":"https:\/\/www.slzanemsova.sk\/index.php\/registracia\/","title":{"rendered":"Registr\u00e1cia"},"content":{"rendered":"\n<div class=\"um um-register um-36\">\n\t<div class=\"um-form\" data-mode=\"register\">\n\t\t<form method=\"post\" action=\"\">\n\t\t\t<div class=\"um-row _um_row_1 \" style=\"margin: 0 0 30px 0;\"><div class=\"um-col-1\"><div  id=\"um_field_36_register_profile_photo\" class=\"um-field um-field-image  um-field-register_profile_photo um-field-image um-field-type_image\" data-key=\"register_profile_photo\" data-mode=\"register\" data-upload-label=\"Nahra\u0165\"><input type=\"hidden\" name=\"register_profile_photo-36\" id=\"register_profile_photo-36\" value=\"\"  aria-invalid=\"false\" \/><div class=\"um-field-label\"><div class=\"um-field-label-icon\"><i class=\"um-faicon-camera\" aria-label=\"Change your profile photo\"><\/i><\/div><label for=\"register_profile_photo-36\">Zme\u0148te si profilov\u00fa fotku<\/label><div class=\"um-clear\"><\/div><\/div><div class=\"um-field-area\" style=\"text-align: center;\"><div class=\"um-single-image-preview crop\" data-crop=\"square\" data-key=\"register_profile_photo\"><a href=\"javascript:void(0);\" class=\"cancel\"><i class=\"um-icon-close\"><\/i><\/a><img decoding=\"async\" class=\"fusion-lazyload-ignore\" src=\"\" alt=\"\" \/><div class=\"um-clear\"><\/div><\/div><a href=\"javascript:void(0);\" data-modal=\"um_upload_single\" data-modal-size=\"normal\" data-modal-copy=\"1\" class=\"um-button um-btn-auto-width\">Nahra\u0165<\/a><\/div><div class=\"um-modal-hidden-content\"><div class=\"um-modal-header\"> Change your profile photo<\/div><div class=\"um-modal-body\"><div class=\"um-single-image-preview crop\"  data-crop=\"square\" data-ratio=\"1\" data-min_width=\"190\" data-min_height=\"190\" data-coord=\"\"><a href=\"javascript:void(0);\" class=\"cancel\"><i class=\"um-icon-close\"><\/i><\/a><img decoding=\"async\" class=\"fusion-lazyload-ignore\" src=\"\" alt=\"\" \/><div class=\"um-clear\"><\/div><\/div><div class=\"um-clear\"><\/div><div class=\"um-single-image-upload\" data-user_id=\"\" data-nonce=\"3937e1e11c\" data-timestamp=\"1777226082\"  data-set_id=\"36\" data-set_mode=\"register\" data-type=\"image\" data-key=\"register_profile_photo\" data-max_size=\"999999999\" data-max_size_error=\"This image is too large!\" data-min_size_error=\"This image is too small!\" data-extension_error=\"Sorry this is not a valid image.\"  data-allowed_types=\"gif,jpg,jpeg,png\" data-upload_text=\"Upload your photo here\" data-max_files_error=\"You can only upload one image\" data-upload_help_text=\"\">Nahra\u0165<\/div><div class=\"um-modal-footer\">\n\t\t\t\t\t\t\t\t\t<div class=\"um-modal-right\">\n\t\t\t\t\t\t\t\t\t\t<a href=\"javascript:void(0);\" class=\"um-modal-btn um-finish-upload image disabled\" data-key=\"register_profile_photo\" data-change=\"Change photo\" data-processing=\"Processing...\">Apply<\/a>\n\t\t\t\t\t\t\t\t\t\t<a href=\"javascript:void(0);\" class=\"um-modal-btn alt\" data-action=\"um_remove_modal\"> Zru\u0161i\u0165<\/a>\n\t\t\t\t\t\t\t\t\t<\/div>\n\t\t\t\t\t\t\t\t\t<div class=\"um-clear\"><\/div>\n\t\t\t\t\t\t\t\t<\/div><\/div><\/div><\/div><div  id=\"um_field_36_user_login\" class=\"um-field um-field-text  um-field-user_login um-field-text um-field-type_text\" data-key=\"user_login\"><div class=\"um-field-label\"><div class=\"um-field-label-icon\"><i class=\"um-icon-android-person\" aria-label=\"U\u017e\u00edvate\u013esk\u00e9 meno\"><\/i><\/div><label for=\"user_login-36\">U\u017e\u00edvate\u013esk\u00e9 meno<\/label><div class=\"um-clear\"><\/div><\/div><div class=\"um-field-area\"><input  autocomplete=\"off\" class=\"um-form-field valid \" type=\"text\" name=\"user_login-36\" id=\"user_login-36\" value=\"\" placeholder=\"\" data-validate=\"unique_username\" data-key=\"user_login\"  aria-invalid=\"false\" \/>\n\n\t\t\t\t\t\t<\/div><\/div><div  id=\"um_field_36_user_email\" class=\"um-field um-field-text  um-field-user_email um-field-text um-field-type_text\" data-key=\"user_email\"><div class=\"um-field-label\"><div class=\"um-field-label-icon\"><i class=\"um-icon-email\" aria-label=\"E-mailov\u00e1 adresa\"><\/i><\/div><label for=\"user_email-36\">E-mailov\u00e1 adresa<\/label><div class=\"um-clear\"><\/div><\/div><div class=\"um-field-area\"><input  autocomplete=\"off\" class=\"um-form-field valid not-required \" type=\"text\" name=\"user_email-36\" id=\"user_email-36\" value=\"\" placeholder=\"\" data-validate=\"unique_email\" data-key=\"user_email\"  aria-invalid=\"false\" \/>\n\n\t\t\t\t\t\t<\/div><\/div><div  id=\"um_field_36_first_name\" class=\"um-field um-field-text  um-field-first_name um-field-text um-field-type_text\" data-key=\"first_name\"><div class=\"um-field-label\"><label for=\"first_name-36\">Meno<\/label><div class=\"um-clear\"><\/div><\/div><div class=\"um-field-area\"><input  autocomplete=\"off\" class=\"um-form-field valid not-required \" type=\"text\" name=\"first_name-36\" id=\"first_name-36\" value=\"\" placeholder=\"\" data-validate=\"\" data-key=\"first_name\"  aria-invalid=\"false\" \/>\n\n\t\t\t\t\t\t<\/div><\/div><div  id=\"um_field_36_last_name\" class=\"um-field um-field-text  um-field-last_name um-field-text um-field-type_text\" data-key=\"last_name\"><div class=\"um-field-label\"><label for=\"last_name-36\">Priezvisko<\/label><div class=\"um-clear\"><\/div><\/div><div class=\"um-field-area\"><input  autocomplete=\"off\" class=\"um-form-field valid not-required \" type=\"text\" name=\"last_name-36\" id=\"last_name-36\" value=\"\" placeholder=\"\" data-validate=\"\" data-key=\"last_name\"  aria-invalid=\"false\" \/>\n\n\t\t\t\t\t\t<\/div><\/div><div  id=\"um_field_36_last_name_8\" class=\"um-field um-field-text  um-field-last_name_8 um-field-text um-field-type_text\" data-key=\"last_name_8\"><div class=\"um-field-label\"><label for=\"last_name_8-36\">Priezvisko za slobodna<\/label><div class=\"um-clear\"><\/div><\/div><div class=\"um-field-area\"><input  autocomplete=\"off\" class=\"um-form-field valid not-required \" type=\"text\" name=\"last_name_8-36\" id=\"last_name_8-36\" value=\"\" placeholder=\"\" data-validate=\"\" data-key=\"last_name_8\"  aria-invalid=\"false\" \/>\n\n\t\t\t\t\t\t<\/div><\/div><div  id=\"um_field_36_mobile_number\" class=\"um-field um-field-tel  um-field-mobile_number um-field-tel um-field-type_tel\" data-key=\"mobile_number\"><div class=\"um-field-label\"><div class=\"um-field-label-icon\"><i class=\"um-faicon-mobile\" aria-label=\"Mobile Number\"><\/i><\/div><label for=\"mobile_number-36\">Telef\u00f3nne \u010d\u00edslo<\/label><div class=\"um-clear\"><\/div><\/div><div class=\"um-field-area\"><input  autocomplete=\"off\" class=\"um-form-field valid \" type=\"tel\" name=\"mobile_number-36\" id=\"mobile_number-36\" value=\"\" placeholder=\"\" data-validate=\"phone_number\" data-key=\"mobile_number\"  aria-invalid=\"false\" \/>\n\n\t\t\t\t\t\t<\/div><\/div><div  id=\"um_field_36_user_password\" class=\"um-field um-field-password  um-field-user_password um-field-password um-field-type_password\" data-key=\"user_password\"><div class=\"um-field-label\"><div class=\"um-field-label-icon\"><i class=\"um-icon-locked\" aria-label=\"Heslo\"><\/i><\/div><label for=\"user_password-36\">Heslo<\/label><div class=\"um-clear\"><\/div><\/div><div class=\"um-field-area\"><input class=\"um-form-field valid \" type=\"password\" name=\"user_password-36\" id=\"user_password-36\" value=\"\" placeholder=\"\" data-validate=\"\" data-key=\"user_password\"  aria-invalid=\"false\" \/>\n\n\t\t\t\t\t\t\t<\/div><\/div><div  id=\"um_field_36_confirm_user_password\" class=\"um-field um-field-password  um-field-user_password um-field-password um-field-type_password\" data-key=\"confirm_user_password\"><div class=\"um-field-label\"><div class=\"um-field-label-icon\"><i class=\"um-icon-locked\" aria-label=\"Potvrdi\u0165 Heslo\"><\/i><\/div><label for=\"confirm_user_password-36\">Potvrdi\u0165 Heslo<\/label><div class=\"um-clear\"><\/div><\/div><div class=\"um-field-area\"><input class=\"um-form-field valid \" type=\"password\" name=\"confirm_user_password-36\" id=\"confirm_user_password-36\" value=\"\" placeholder=\"Potvrdi\u0165 Heslo\" data-validate=\"\" data-key=\"confirm_user_password\"  aria-invalid=\"false\" \/><\/div><\/div><\/div><\/div>\t<input type=\"hidden\" name=\"form_id\" id=\"form_id_36\" value=\"36\" \/>\n\t\t<p class=\"um_request_name\">\n\t\t<label for=\"um_request_36\">Only fill in if you are not human<\/label>\n\t\t<input type=\"hidden\" name=\"um_request\" id=\"um_request_36\" class=\"input\" value=\"\" size=\"25\" autocomplete=\"off\" \/>\n\t<\/p>\n\t<input type=\"hidden\" id=\"_wpnonce\" name=\"_wpnonce\" value=\"e6bd7e2188\" \/><input type=\"hidden\" name=\"_wp_http_referer\" value=\"\/index.php\/wp-json\/wp\/v2\/pages\/15\" \/>\n\t<div class=\"um-col-alt\">\n\n\t\t\n\t\t\t<div class=\"um-center\">\n\t\t\t\t<input type=\"submit\" value=\"Registrova\u0165\" class=\"um-button\" id=\"um-submit-btn\" \/>\n\t\t\t<\/div>\n\n\t\t\n\t\t<div class=\"um-clear\"><\/div>\n\n\t<\/div>\n\n\t\t\t<\/form>\n\t<\/div>\n<\/div>\n<style>\n\t\t\t.um-36.um {\n\t\t\tmax-width: 450px;\n\t\t}\n\t\t<\/style>\n\n","protected":false},"excerpt":{"rendered":"","protected":false},"author":1,"featured_media":0,"parent":0,"menu_order":0,"comment_status":"closed","ping_status":"closed","template":"","meta":{"footnotes":""},"class_list":["post-15","page","type-page","status-publish","hentry"],"_links":{"self":[{"href":"https:\/\/www.slzanemsova.sk\/index.php\/wp-json\/wp\/v2\/pages\/15","targetHints":{"allow":["GET"]}}],"collection":[{"href":"https:\/\/www.slzanemsova.sk\/index.php\/wp-json\/wp\/v2\/pages"}],"about":[{"href":"https:\/\/www.slzanemsova.sk\/index.php\/wp-json\/wp\/v2\/types\/page"}],"author":[{"embeddable":true,"href":"https:\/\/www.slzanemsova.sk\/index.php\/wp-json\/wp\/v2\/users\/1"}],"replies":[{"embeddable":true,"href":"https:\/\/www.slzanemsova.sk\/index.php\/wp-json\/wp\/v2\/comments?post=15"}],"version-history":[{"count":0,"href":"https:\/\/www.slzanemsova.sk\/index.php\/wp-json\/wp\/v2\/pages\/15\/revisions"}],"wp:attachment":[{"href":"https:\/\/www.slzanemsova.sk\/index.php\/wp-json\/wp\/v2\/media?parent=15"}],"curies":[{"name":"wp","href":"https:\/\/api.w.org\/{rel}","templated":true}]}}